{"id":22709,"date":"2020-10-28T08:28:36","date_gmt":"2022-05-31T15:47:31","guid":{"rendered":"https:\/\/www.my-damas.com\/product\/musk-al-muntakhab-by-ard-al-zafraan-100-ml-deodorant-for-men-and-women-oud\/"},"modified":"2024-12-30T13:47:54","modified_gmt":"2024-12-30T13:47:54","slug":"musk-al-muntakhab-by-ard-al-zafraan-100-ml-deodorant-for-men-and-women-oud","status":"publish","type":"product","link":"https:\/\/myroyalmarket.com\/pt-br\/produto\/musk-al-muntakhab-by-ard-al-zafraan-100-ml-deodorant-for-men-and-women-oud\/","title":{"rendered":"Musk Al Muntakhab de Ard Al Zafraan 100 ML + Desodorante para Homens e Mulheres"},"content":{"rendered":"<div class=\"wpb-content-wrapper\"><p>[vc_row][vc_column width=&#8221;1\/6&#8243;][\/vc_column][vc_column width=&#8221;2\/3&#8243;][vc_column_text]<\/p>\n<h2>Perfume Alm\u00edscar Al Muntakhab Eau de Parfum 100ml de Ard Al Zaafaran<\/h2>\n<div>\n<div>Perfume Musk Al Muntakhab Eau de Parfum de Ard Al Zaafaran &#8211; Frescura amadeirada e atalcada entrela\u00e7ada com nobre Oudh e sensual s\u00e2ndalo na base.<\/div>\n<div>\n<div><\/div>\n<div>A nota de topo forma uma abertura fresca com bergamota e frutas c\u00edtricas.<\/div>\n<div><\/div>\n<div>As notas de cora\u00e7\u00e3o doces e florais de l\u00edrios, jasmim e alm\u00edscar branco.<\/div>\n<div><\/div>\n<div>A base \u00e9 agradavelmente amadeirada com Oudh oriental, s\u00e2ndalo e \u00e2mbar quente.<\/div>\n<div><\/div>\n<div>Uma fragr\u00e2ncia fresca e atalcada, elegante e leve, com notas amadeiradas que d\u00e3o acentos interessantes.<\/div>\n<div><\/div>\n<\/div>\n<div>Principais acordes: fresco, atalcado, amadeirado, floral<\/div>\n<\/div>\n<p>[\/vc_column_text][vc_column_text]<\/p>\n<div>\u2022 Para mulheres e homens<\/div>\n<div><\/div>\n<div>\u2022 Cont\u00e9m \u00e1lcool desnaturado (halal)<\/div>\n<div>\n<div><\/div>\n<div>\u2022 Quantidade: 100ml Eau de perfume<\/div>\n<div><\/div>\n<div>\u2022 Frasco com bico de pulveriza\u00e7\u00e3o<\/div>\n<div><\/div>\n<div>\u2022 Fabricante: Ard AL Zaafaran<\/div>\n<\/div>\n<p>[\/vc_column_text][\/vc_column][vc_column width=&#8221;1\/6&#8243;][\/vc_column][\/vc_row]<\/p>\n<\/div>","protected":false},"excerpt":{"rendered":"<ul>\n<li>Notas de topo: bergamota, frutas c\u00edtricas<\/li>\n<li>Notas m\u00e9dias: jasmim, l\u00edrios, alm\u00edscar branco<\/li>\n<li>Notas de fundo: Oudh, s\u00e2ndalo, \u00e2mbar<\/li>\n<li>Fabricante: Ard Al Zafraan<\/li>\n<li>Tamanho 100ml<\/li>\n<li>G\u00eanero Unissex<\/li>\n<li>Linda garrafa decorada<\/li>\n<li>Produto Original da UEA<\/li>\n<\/ul>\n","protected":false},"featured_media":11572,"comment_status":"open","ping_status":"closed","template":"","meta":[],"product_brand":[],"product_cat":[244,243,280,275],"product_tag":[],"class_list":{"0":"post-22709","1":"product","2":"type-product","3":"status-publish","4":"has-post-thumbnail","6":"product_cat-oud-for-women-pt-br","7":"product_cat-oud-prfume-pt-br-2","8":"product_cat-oud-for-men-pt-br","9":"product_cat-oud-unisex-pt-br","10":"product_shipping_class-1-pt-br","12":"first","13":"outofstock","14":"sale","15":"shipping-taxable","16":"purchasable","17":"product-type-simple"},"supplier_id":null,"supplier_sku":"","barcode":null,"atum_controlled":true,"out_stock_date":"2024-12-30 13:47:54","out_stock_threshold":null,"inheritable":false,"inbound_stock":0,"stock_on_hold":1,"sold_today":0,"sales_last_days":0,"reserved_stock":0,"customer_returns":0,"warehouse_damage":0,"lost_in_post":0,"other_logs":0,"out_stock_days":490,"lost_sales":0,"has_location":false,"update_date":"2026-05-05T00:45:36","atum_locations":[],"atum_stock_status":"outofstock","restock_status":false,"low_stock_amount":"","sales_update_date":"2026-05-05T00:45:36","calc_backorders":null,"_links":{"self":[{"href":"https:\/\/myroyalmarket.com\/pt-br\/wp-json\/wp\/v2\/product\/22709","targetHints":{"allow":["GET"]}}],"collection":[{"href":"https:\/\/myroyalmarket.com\/pt-br\/wp-json\/wp\/v2\/product"}],"about":[{"href":"https:\/\/myroyalmarket.com\/pt-br\/wp-json\/wp\/v2\/types\/product"}],"replies":[{"embeddable":true,"href":"https:\/\/myroyalmarket.com\/pt-br\/wp-json\/wp\/v2\/comments?post=22709"}],"wp:featuredmedia":[{"embeddable":true,"href":"https:\/\/myroyalmarket.com\/pt-br\/wp-json\/wp\/v2\/media\/11572"}],"wp:attachment":[{"href":"https:\/\/myroyalmarket.com\/pt-br\/wp-json\/wp\/v2\/media?parent=22709"}],"wp:term":[{"taxonomy":"product_brand","embeddable":true,"href":"https:\/\/myroyalmarket.com\/pt-br\/wp-json\/wp\/v2\/product_brand?post=22709"},{"taxonomy":"product_cat","embeddable":true,"href":"https:\/\/myroyalmarket.com\/pt-br\/wp-json\/wp\/v2\/product_cat?post=22709"},{"taxonomy":"product_tag","embeddable":true,"href":"https:\/\/myroyalmarket.com\/pt-br\/wp-json\/wp\/v2\/product_tag?post=22709"}],"curies":[{"name":"wp","href":"https:\/\/api.w.org\/{rel}","templated":true}]}}