{"id":22726,"date":"2020-10-28T08:28:37","date_gmt":"2022-05-31T17:24:46","guid":{"rendered":"https:\/\/www.my-damas.com\/product\/aali-al-mustawa-100-ml-by-lattafa-perfumes-for-men-and-women-oud\/"},"modified":"2022-05-31T17:24:56","modified_gmt":"2022-05-31T17:24:56","slug":"aali-al-mustawa-100-ml-by-lattafa-perfumes-for-men-and-women-oud","status":"publish","type":"product","link":"https:\/\/myroyalmarket.com\/pt-br\/produto\/aali-al-mustawa-100-ml-by-lattafa-perfumes-for-men-and-women-oud\/","title":{"rendered":"Aali Al Mustawa 100 ml por Lattafa Perfumes para homens e mulheres (Oud)"},"content":{"rendered":"<div class=\"wpb-content-wrapper\"><p>[vc_row][vc_column width=&#8221;1\/6&#8243;][\/vc_column][vc_column width=&#8221;2\/3&#8243;][vc_column_text]<strong>Aali Al Mustawa<\/strong><\/p>\n<div>\n<div>\n<div>\n<p>Um perfume destinado a senhoras e senhores, perfeito para uma ocasi\u00e3o especial e n\u00e3o s\u00f3 elegante, mas \u00fanico. Tem um sabor doce e levemente atalcado devido \u00e0 combina\u00e7\u00e3o de \u00e2mbar, patchouli, carvalho, orqu\u00eddea, baunilha e alm\u00edscar branco, que s\u00e3o as notas b\u00e1sicas do perfume. Um perfume que complementa sua roupa com aquele toque particular de sua personalidade<\/p>\n<p>A fragr\u00e2ncia cont\u00e9m Notas florais, Notas amadeiradas, Notas atalcadas, Baunilha, Alm\u00edscar e \u00c2mbar.<\/p>\n<\/div>\n<\/div>\n<\/div>\n<p>[\/vc_column_text][vc_column_text]O frasco \u00e9 fornecido com um pulverizador, perfume de alta qualidade com persist\u00eancia de longa dura\u00e7\u00e3o.<\/p>\n<p>Categoria Olfativa: Floral &#8211; Atalcado &#8211; Amadeirado[\/vc_column_text][\/vc_column][vc_column width=&#8221;1\/6&#8243;][\/vc_column][\/vc_row]<\/p>\n<\/div>","protected":false},"excerpt":{"rendered":"<ul>\n<li>Notas de topo: Lim\u00e3o, Rosa<\/li>\n<li>Notas de cora\u00e7\u00e3o: rosa, orqu\u00eddeas, notas atalcadas, sofran, especiarias<\/li>\n<li>Notas de Fundo: Madeira de Santal, Agar \/ Oud Wood, Patchouli, Alm\u00edscar, Baunilha, Ambra<\/li>\n<li>A garrafa \u00e9 fornecida com um pulverizador; perfume de alta qualidade com persist\u00eancia de longa dura\u00e7\u00e3o.<\/li>\n<li>Capacidade: 100ml<\/li>\n<li>Produto Original da UEA<\/li>\n<\/ul>\n","protected":false},"featured_media":11476,"comment_status":"open","ping_status":"closed","template":"","meta":[],"product_brand":[],"product_cat":[244,243,280,275],"product_tag":[],"class_list":{"0":"post-22726","1":"product","2":"type-product","3":"status-publish","4":"has-post-thumbnail","6":"product_cat-oud-for-women-pt-br","7":"product_cat-oud-prfume-pt-br-2","8":"product_cat-oud-for-men-pt-br","9":"product_cat-oud-unisex-pt-br","10":"product_shipping_class-1-pt-br","12":"first","13":"outofstock","14":"sale","15":"shipping-taxable","16":"purchasable","17":"product-type-simple"},"supplier_id":null,"supplier_sku":"","barcode":null,"atum_controlled":true,"out_stock_date":"2022-02-20 20:14:13","out_stock_threshold":null,"inheritable":false,"inbound_stock":0,"stock_on_hold":0,"sold_today":0,"sales_last_days":0,"reserved_stock":0,"customer_returns":0,"warehouse_damage":0,"lost_in_post":0,"other_logs":0,"out_stock_days":1534,"lost_sales":0,"has_location":false,"update_date":"2026-05-05T00:45:37","atum_locations":[],"atum_stock_status":"outofstock","restock_status":false,"low_stock_amount":"","sales_update_date":"2026-05-05T00:45:37","calc_backorders":null,"_links":{"self":[{"href":"https:\/\/myroyalmarket.com\/pt-br\/wp-json\/wp\/v2\/product\/22726","targetHints":{"allow":["GET"]}}],"collection":[{"href":"https:\/\/myroyalmarket.com\/pt-br\/wp-json\/wp\/v2\/product"}],"about":[{"href":"https:\/\/myroyalmarket.com\/pt-br\/wp-json\/wp\/v2\/types\/product"}],"replies":[{"embeddable":true,"href":"https:\/\/myroyalmarket.com\/pt-br\/wp-json\/wp\/v2\/comments?post=22726"}],"wp:featuredmedia":[{"embeddable":true,"href":"https:\/\/myroyalmarket.com\/pt-br\/wp-json\/wp\/v2\/media\/11476"}],"wp:attachment":[{"href":"https:\/\/myroyalmarket.com\/pt-br\/wp-json\/wp\/v2\/media?parent=22726"}],"wp:term":[{"taxonomy":"product_brand","embeddable":true,"href":"https:\/\/myroyalmarket.com\/pt-br\/wp-json\/wp\/v2\/product_brand?post=22726"},{"taxonomy":"product_cat","embeddable":true,"href":"https:\/\/myroyalmarket.com\/pt-br\/wp-json\/wp\/v2\/product_cat?post=22726"},{"taxonomy":"product_tag","embeddable":true,"href":"https:\/\/myroyalmarket.com\/pt-br\/wp-json\/wp\/v2\/product_tag?post=22726"}],"curies":[{"name":"wp","href":"https:\/\/api.w.org\/{rel}","templated":true}]}}