{"id":31244,"date":"2022-10-24T13:26:26","date_gmt":"2022-10-24T13:26:28","guid":{"rendered":"https:\/\/www.my-damas.com\/?post_type=product&#038;p=31244"},"modified":"2026-02-11T11:11:25","modified_gmt":"2026-02-11T03:11:25","slug":"rhino-kingdom-honey-24x10g","status":"publish","type":"product","link":"https:\/\/myroyalmarket.com\/pt-br\/produto\/rhino-kingdom-honey-24x10g\/","title":{"rendered":"Rhino Kingdom Mel 24x10g"},"content":{"rendered":"<div class=\"wpb-content-wrapper\"><p>[vc_row][vc_column width=&#8221;1\/6&#8243;][\/vc_column][vc_column width=&#8221;2\/3&#8243;][vc_single_image image=&#8221;38981&#8243; img_size=&#8221;full&#8221; alignment=&#8221;center&#8221;][vc_column_text]<\/p>\n<p><strong>Ingredientes:<\/strong><\/p>\n<ul>\n<li>Mel puro 93%<\/li>\n<li>Radix Eurycoma lonifollia 3%<\/li>\n<li>Raiz. Panax Ginseng 2%<\/li>\n<li>Geleia Real 2%.<\/li>\n<\/ul>\n<p>[\/vc_column_text][\/vc_column][vc_column width=&#8221;1\/6&#8243;][\/vc_column][\/vc_row]<\/p>\n<\/div>","protected":false},"excerpt":{"rendered":"<ul>\n<li><strong>Estimulante Sexual<\/strong> &#8211; O mel real \u00e9 uma maneira totalmente natural de estimular o apetite sexual e despertar o desejo entre os parceiros.<\/li>\n<li><strong>Endurance<\/strong> &#8211; Fortalece a ere\u00e7\u00e3o sem se sentir cansado.<\/li>\n<li><strong>Confian\u00e7a<\/strong> &#8211; O aumento no desempenho sexual leva a mais confian\u00e7a geral a cada sess\u00e3o de amor.<\/li>\n<li><strong>Aprimoramento Hormonal<\/strong> &#8211; Al\u00e9m de estimular o desejo f\u00edsico, o mel real tamb\u00e9m aumenta os n\u00edveis naturais de testosterona do corpo.<\/li>\n<\/ul>\n","protected":false},"featured_media":38993,"comment_status":"closed","ping_status":"closed","template":"","meta":[],"product_brand":[],"product_cat":[250],"product_tag":[],"class_list":{"0":"post-31244","1":"product","2":"type-product","3":"status-publish","4":"has-post-thumbnail","6":"product_cat-royal-honey-pt-br","8":"first","9":"instock","10":"sale","11":"shipping-taxable","12":"purchasable","13":"product-type-simple"},"supplier_id":null,"supplier_sku":"","barcode":null,"atum_controlled":true,"out_stock_date":null,"out_stock_threshold":null,"inheritable":false,"inbound_stock":0,"stock_on_hold":32,"sold_today":0,"sales_last_days":0,"reserved_stock":0,"customer_returns":0,"warehouse_damage":0,"lost_in_post":0,"other_logs":0,"out_stock_days":0,"lost_sales":0,"has_location":false,"update_date":"2026-05-04T16:42:42","atum_locations":[],"atum_stock_status":"instock","restock_status":false,"low_stock_amount":"","sales_update_date":"2026-05-04T16:42:42","calc_backorders":null,"_links":{"self":[{"href":"https:\/\/myroyalmarket.com\/pt-br\/wp-json\/wp\/v2\/product\/31244","targetHints":{"allow":["GET"]}}],"collection":[{"href":"https:\/\/myroyalmarket.com\/pt-br\/wp-json\/wp\/v2\/product"}],"about":[{"href":"https:\/\/myroyalmarket.com\/pt-br\/wp-json\/wp\/v2\/types\/product"}],"replies":[{"embeddable":true,"href":"https:\/\/myroyalmarket.com\/pt-br\/wp-json\/wp\/v2\/comments?post=31244"}],"wp:featuredmedia":[{"embeddable":true,"href":"https:\/\/myroyalmarket.com\/pt-br\/wp-json\/wp\/v2\/media\/38993"}],"wp:attachment":[{"href":"https:\/\/myroyalmarket.com\/pt-br\/wp-json\/wp\/v2\/media?parent=31244"}],"wp:term":[{"taxonomy":"product_brand","embeddable":true,"href":"https:\/\/myroyalmarket.com\/pt-br\/wp-json\/wp\/v2\/product_brand?post=31244"},{"taxonomy":"product_cat","embeddable":true,"href":"https:\/\/myroyalmarket.com\/pt-br\/wp-json\/wp\/v2\/product_cat?post=31244"},{"taxonomy":"product_tag","embeddable":true,"href":"https:\/\/myroyalmarket.com\/pt-br\/wp-json\/wp\/v2\/product_tag?post=31244"}],"curies":[{"name":"wp","href":"https:\/\/api.w.org\/{rel}","templated":true}]}}